{"id":3,"date":"2025-12-02T10:07:40","date_gmt":"2025-12-02T10:07:40","guid":{"rendered":"https:\/\/informatia24.ro\/?page_id=3"},"modified":"2025-12-02T12:35:37","modified_gmt":"2025-12-02T12:35:37","slug":"politica-pentru-cookies","status":"publish","type":"page","link":"https:\/\/informatia24.ro\/?page_id=3","title":{"rendered":"Politica pentru Cookies"},"content":{"rendered":"\n<h1 class=\"wp-block-heading\">Politica pentru Cookies<\/h1>\n\n\n\n<p>Site-ul www.informatia24.ro utilizeaz\u0103 cookie-uri.<\/p>\n\n\n\n<p>Informa\u021biile prezentate \u00een continuare au scopul de a aduce la cuno\u0219tin\u021b\u0103 utilizatorului mai multe detalii despre plasarea, utilizarea \u0219i administrarea \u201ccookie\u201d-urilor utilizate de site-ul www.informatia24.ro sau alte site-uri din re\u021beaua Informatia24. De asemenea, sunt prezente \u0219i c\u00e2teva linkuri utile legate de acest subiect.<\/p>\n\n\n\n<p>Lista \u00eentreag\u0103 a siturilor administrate de Informatia24 pentru care sunt valabile informa\u021biile de mai jos:<\/p>\n\n\n\n<p>www.informatia24.ro<\/p>\n\n\n\n<p>\u00cen cazul \u00een care ave\u021bi nevoie de mai multe informa\u021bii \u0219i ele nu se reg\u0103sesc mai jos, ne pute\u021bi contacta la\u00a0contact@informatia24.ro.<\/p>\n\n\n\n<p>V\u0103 rugam s\u0103 citi\u021bi cu aten\u021bie informa\u021biile care urmeaz\u0103:<\/p>\n\n\n\n<p>Acest website folose\u0219te cookie-uri proprii \u0219i de la terti pentru a furniza vizitatorilor o experien\u021b\u0103 mult mai buna de navigare \u0219i servicii adaptate nevoilor \u0219i interesului fiec\u0103ruia.<\/p>\n\n\n\n<p>\u00cen ceea ce numim \u201cweb 2.0\u201d, \u201ccookie\u201d-urile joaca un rol important \u00een facilitarea accesului \u0219i livr\u0103rii multiplelor servicii de care utilizatorul se bucura pe internet, cum ar fi:<\/p>\n\n\n\n<p>Personalizarea anumitor set\u0103ri precum: limba \u00een care este vizualizat un site, moneda \u00een care se exprima anumite preturi sau tarife, p\u0103strarea op\u021biunilor pentru diverse produse (masuri, alte detalii etc) \u00een co\u0219ul de cump\u0103r\u0103turi (\u0219i memorarea acestor op\u021biuni) \u2013 generandu-se astfel flexibilitatea \u201cco\u0219ului de cump\u0103r\u0103turi\u201d (accesarea preferin\u021belor vechi prin accesarea butonului \u201c\u00eenainte\u201d \u0219i \u201c\u00eenapoi\u201d)<\/p>\n\n\n\n<p>Cookie-urile ofer\u0103 de\u021bin\u0103torilor de site-uri un feedback valoros asupra modului cum sunt utilizate site-urile lor de c\u0103tre utilizatori, astfel \u00eenc\u00e2t s\u0103 le poat\u0103 face \u0219i mai eficiente \u0219i mai accesibile pentru utilizatori.<\/p>\n\n\n\n<p>Permit aplica\u021biilor multimedia sau de alt tip de pe alte site-uri s\u0103 fie incluse \u00eentr-un anumit site pentru a crea o experien\u021b\u0103 de navigare mai valoroasa, mai utila \u0219i mai pl\u0103cuta;<\/p>\n\n\n\n<p>\u00cembun\u0103t\u0103\u021besc eficienta publicit\u0103\u021bii online.<\/p>\n\n\n\n<p><strong>Ce este un \u201ccookie\u201d?<\/strong><\/p>\n\n\n\n<p>Un \u201cInternet Cookie\u201d (termen cunoscut \u0219i c\u0103 \u201cbrowser cookie\u201d sau \u201cHTTP cookie\u201d sau pur \u0219i simplu\u201dcookie\u201d ) este un fi\u0219ier de mici dimensiuni, format din litere \u0219i numere, care v\u0103 fi stocat pe computerul, terminalul mobil sau alte echipamente ale unui utilizator de pe care se acceseaz\u0103 Internetul.<\/p>\n\n\n\n<p>Cookie-ul este instalat prin solicitar\u0103 emisa de c\u0103tre un web-server unui browser (ex: Internet Explorer, Chrome) \u0219i este complet \u201cpasiv\u201d (nu con\u021bine programe software, viru\u0219i sau spyware \u0219i nu poate accesa informa\u021biile de pe hard driveul utilizatorului).<\/p>\n\n\n\n<p>Un cookie este format din 2 parti: numele \u0219i con\u021binutul sau valoarea cookie-ului. Mai mult, durata de existenta a unui cookie este determinata; tehnic, doar webserverul care a trimis cookie-ul \u00eel poate accesa din nou \u00een momentul \u00een care un utilizator se \u00eentoarce pe website-ul asociat webserverului respectiv.<\/p>\n\n\n\n<p>Cookie-urile \u00een sine nu solicita informa\u021bii cu caracter personal pentru a putea fi utilizate \u0219i, \u00een cele maimulte cazuri, nu identifica personal utilizatorii de internet.<\/p>\n\n\n\n<p><strong>Exista 2 categorii mari de cookie-uri:<\/strong><\/p>\n\n\n\n<p>Cookieuri de sesiune \u2013 acestea sunt stocate temporar \u00een dosarul de cookie-uri al browserului web pentru c\u0103 acesta s\u0103 le memoreze p\u00e2n\u0103 c\u00e2nd utilizatorul iese de pe web-siteul respectiv sau \u00eenchide fereastra browserului ( ex: \u00een momentul logarii\/delogarii pe un cont de webmail sau pe re\u021bele de socializare).<\/p>\n\n\n\n<p>Cookieuri Persistente \u2013 Acestea sunt stocate pe hard-drive-ul unui computer sau echipament (\u0219i \u00een general depinde de durata de via\u021b\u0103 prestabilita pentru cookie). Cookie-urile persistente le includ \u0219i pe cele plasate de un alt website dec\u00e2t cel pe care \u00eel viziteaz\u0103 utilizatorul la momentul respectiv \u2013 cunoscute sub numele de \u2018third party cookies\u2019 (cookieuri plasate de terti) \u2013 care pot fi folosite \u00een mod anonim pentru a memora interesele unui utilizator, astfel \u00eenc\u00e2t s\u0103 fie livrata publicitate c\u00e2t mai relevanta pentru utilizatori.<\/p>\n\n\n\n<p><strong>Care sunt avantajele cookie-urilor?<\/strong><\/p>\n\n\n\n<p>Un cookie con\u021bine informa\u021bii care fac leg\u0103tur\u0103 intre un web-browser (utilizatorul) \u0219i un web-server anume (website-ul). Daca un browser acceseaz\u0103 acel web-server din nou, acesta poate citi informa\u021bia deja stocata \u0219i reac\u021bion\u0103 \u00een consecin\u021b\u0103. Cookie-urile asigura u\u0219erilor o experien\u021b\u0103 pl\u0103cuta de navigare \u0219i sus\u021bin eforturile multor websiteuri pentru a oferi servicii confortabile utilizatorillor: ex \u2013 preferin\u021bele \u00een materie de confiden\u021bialitate online, op\u021biunile privind limba site-ului, co\u0219uri de cump\u0103r\u0103turi sau publicitate relevanta.<\/p>\n\n\n\n<p><strong>Care este durata de via\u021b\u0103 a unui cookie?<\/strong><\/p>\n\n\n\n<p>Cookieurile sunt administrate de webservere. Durata de via\u021b\u0103 a unui cookie poate varia semnificativ, depinz\u00e2nd de scopul pentru care este plasat. Unele cookie-uri sunt folosite exclusive pentru o singura sesiune (session cookies) \u0219i nu mai sunt re\u021binute odat\u0103 de utilizatorul a p\u0103r\u0103site website-ul \u0219i unele cookie-uri sunt re\u021binute \u0219i refolosite de fiecare data c\u00e2nd utilizatorul revine pe acel website (\u2018cookie-uri permanente\u2019). Cu toate aceste, cookie-urile pot fi \u0219terse de un utilizator \u00een orice moment prin intermediul set\u0103rilor browserului.<\/p>\n\n\n\n<p><strong>Ce sunt cookie-urile plasate de terti?<\/strong><\/p>\n\n\n\n<p>Anumite sec\u021biuni de con\u021binut de pe unele site-uri pot fi furnizate prin intermediul unor ter\u021be parti\/furnizori (ex: news box, un video sau o reclama). Aceste ter\u021be parti pot plasa de asemenea cookieuri prin intermediul site-ului \u0219i ele se numesc \u201cthird party cookies\u201d pentru c\u0103 nu sunt plasate de proprietarul website-ului respectiv. Furnizorii terti trebuie s\u0103 respecte de asemenea legea \u00een vigoare \u0219i politicile de confiden\u021bialitate ale de\u021bin\u0103torului site-ului.<\/p>\n\n\n\n<p>Cum sunt folosite cookie-urile de c\u0103tre acest site<\/p>\n\n\n\n<p>O vizita pe acest site poate plasa cookie-uri \u00een scopuri de:<\/p>\n\n\n\n<p>Cookie-uri de performanta a site-ului<\/p>\n\n\n\n<p>Cookie-uri de analiza a vizitatorilor<\/p>\n\n\n\n<p>Cookie-uri pentru geotargetting<\/p>\n\n\n\n<p>Cookie-uri de \u00eenregistrare<\/p>\n\n\n\n<p>Cookie-uri pentru publicitate<\/p>\n\n\n\n<p>Cookie-uri ale furnizorilor de publicitate<\/p>\n\n\n\n<p>Aceste cookie-uri pot proveni de la urm\u0103torii terti: Google Analytics, SATI, Spring, AdOcean, doubleclick.com, Gemius, Prometeus, Xaxis, Agora, Marketizator \u0219i al\u021bii.<\/p>\n\n\n\n<p>Cookie-uri de performanta<\/p>\n\n\n\n<p>Acest tip de cookie retine preferin\u021bele utilizatorului pe acest site, a\u0219a \u00eenc\u00e2t nu mai este nevoie de setarea lor la fiecare vizitare a site-ului.<\/p>\n\n\n\n<p>Exemple:<\/p>\n\n\n\n<p>\u2013 set\u0103rile volumului pentru video player<\/p>\n\n\n\n<p>\u2013 viteza de video streaming cu care este compatibil browserul<\/p>\n\n\n\n<p><strong>Cookie-uri pentru analiza vizitatorilor<\/strong><\/p>\n\n\n\n<p>De fiecare data c\u00e2nd un utilizator viziteaz\u0103 acest site softul de analytics furnizat de o tert\u0103 parte genereaz\u0103 un cookie de analiza a utilizatorului. Acest cookie ne spune daca a\u021bi mai vizitat acest site p\u00e2n\u0103 acum. Browserul ne v\u0103 spune daca ave\u021bi acest cookie, iar daca nu, vom genera unul. Acesta permite monitorizarea utilizatorilor unici care ne viziteaz\u0103 \u0219i c\u00e2t de des o fac.<\/p>\n\n\n\n<p>At\u00e2t timp c\u00e2t nu sunte\u021bi \u00eenregistrat pe acest site, acest cookie nu poate fi folosit pentru a identifica persoanele fizice, ele sunt folosite doar \u00een scop statistic. Daca sunte\u021bi \u00eenregistrat putem \u0219ti, de asemenea, detaliile pe care ni le-a\u021bi furnizat, cum ar fi adresa de e-mail \u0219i username-ul \u2013 acestea fiind supuse confidentialitatii \u0219i prevederilor din Termeni \u0219i Condi\u021bii, Politica de confiden\u021bialitate precum \u0219i prevederilor legisla\u021biei \u00een vigoare cu privire la protejarea datelor cu caracter personal.<\/p>\n\n\n\n<p><strong>Cookie-uri pentru geotargetting<\/strong><\/p>\n\n\n\n<p>Aceste cookie-uri sunt utilizate de c\u0103tre un soft care stabile\u0219te din ce tara proveni\u021bi. Este complet anonim \u0219i este folosit doar pentru a targeta con\u021binutul \u2013 chiar \u0219i atunci c\u00e2nd sunte\u021bi pe pagina noastr\u0103 \u00een limba romana sau \u00een alta limba primiti aceea\u0219i reclama.<\/p>\n\n\n\n<p><strong>Cookie-uri pentru \u00eenregistrare<\/strong><\/p>\n\n\n\n<p>Atunci c\u00e2nd v\u0103 \u00eenregistra\u021bi pe acest site, generam un cookie care ne anun\u021b\u0103 daca sunte\u021bi \u00eenregistrat sau nu. Serverele noastre folosesc aceste cookie-uri pentru a ne arata contul cu care sunte\u021bi ingregistrat \u0219i daca ave\u021bi permisiunea pentru un serviciu anume. De asemenea, ne permite s\u0103 asociem orice comentariu pe care \u00eel posta\u021bi pe site-ul nostru cu username-ul dvs. Daca nu a\u021bi selectat \u201cp\u0103streaz\u0103-m\u0103 \u00eenregistrat\u201d, acest cookie se v\u0103 \u0219terge automat c\u00e2nd ve\u021bi \u00eenchide browserul sau calculatorul.<\/p>\n\n\n\n<p><strong>Cookie-uri pentru publicitate<\/strong><\/p>\n\n\n\n<p>Aceste cookie-uri ne permit s\u0103 aflam daca a\u021bi vizualizat sau nu o reclama online, care este tipul acesteia \u0219i c\u00e2t timp a trecut de c\u00e2nd a\u021bi v\u0103zut mesajul publicitar.<\/p>\n\n\n\n<p>Aceste cookie-uri le folosim \u0219i pentru a targeta publicitatea online. Putem folosi, de asemenea, cookieuri apar\u021bin\u00e2nd unei ter\u021be parti, pentu o mai buna targetare a publicit\u0103\u021bii, pentru a arata de exemplu reclame despre vacante, daca utilizatorul a vizitat recent un articol pe site despre vacante. Aceste cookie-uri sunt anonime, ele stocheaz\u0103 informa\u021bii despre contentul vizualizat, nu despre utilizatori.<\/p>\n\n\n\n<p>De asemenea, setam cookie-uri anonime \u0219i prin alte site-uri pe care avem publicitate. Primindu-le, astfel, noi le putem folosi pentru a v\u0103 recunoa\u0219te c\u0103 vizitator al acelui site daca ulterior ve\u021bi vizita site-ul nostru, v\u0103 vom putea livra publicitatea bazata pe aceasta informa\u021bie.<\/p>\n\n\n\n<p><strong>Cookie-uri ale furnizorilor de publicitate<\/strong><\/p>\n\n\n\n<p>O mare parte din publicitatea pe care o g\u0103si\u021bi pe acest site apar\u021bine ter\u021belor parti. Unele dintre aceste parti folosesc propriile cookie-uri anonime pentru a analiza c\u00e2t de multe persoane au fost expuse unui mesaj publicitar, sau pentru a vedea cate persoane au fost expuse de mai multe ori la aceea\u0219i reclama.<\/p>\n\n\n\n<p>Companiile care genereaz\u0103 aceste cookie-uri au propriile politici de confiden\u021bialitate, iar acest site nu are acces pentru a citi sau scrie aceste cookie-uri. Cookie-urile celor ter\u021be parti pot fi folosite pentru a v\u0103 arata publicitatea targeta \u0219i pe alte site-uri, bazandu-se pe navigarea dvs pe acest site.<\/p>\n\n\n\n<p><strong>Alte cookie-uri ale ter\u021belor parti<\/strong><\/p>\n\n\n\n<p>Pe unele pagini, ter\u021bii pot seta propriile cookie-uri anonime, \u00een scopul de a urm\u0103ri succesul unei aplica\u021bii sau pentru a customiza o aplica\u021bie. Datorita modului de utilizare, acest site nu poate accesa aceste cookie-uri, la fel cum ter\u021bele parti nu pot accesa cookie-urile de\u021binute de acest site.<\/p>\n\n\n\n<p>De exemplu, c\u00e2nd distribui\u021bi un articol folosind butonul pentru re\u021belele sociale aflat pe acest site, acea re\u021bea sociala v\u0103 \u00eenregistr\u0103 activitatea dvs.<\/p>\n\n\n\n<p>Ce tip de informa\u021bii sunt stocate \u0219i accesate prin intermediul cookie-urilor?<\/p>\n\n\n\n<p>Cookie-urile p\u0103streaz\u0103 informa\u021bii \u00eentr-un fi\u0219ier text de mici dimensiuni care permit unui website s\u0103 recunoasc\u0103 un browser. Webserverul v\u0103 recunoa\u0219te browserul p\u00e2n\u0103 c\u00e2nd cookie-ul expira sau este \u0219ters.<\/p>\n\n\n\n<p>Cookie-ul stocheaz\u0103 informa\u021bii importante care \u00eembun\u0103t\u0103\u021besc experien\u021b\u0103 de navigare pe Internet ( ex: set\u0103rile limbii \u00een care se dore\u0219te accesarea unui site; p\u0103strarea unui u\u0219er logat \u00een contul de webmail; securitatea online banking; p\u0103strarea produselor \u00een co\u0219ul de cump\u0103r\u0103turi)<\/p>\n\n\n\n<p>Lista cookie-urilor stocate de informatia24.ro<\/p>\n\n\n\n<p><strong>De ce sunt cookie-urile importante pentru Internet?<\/strong><\/p>\n\n\n\n<p>Cookie-urile reprezint\u0103 punctul central al func\u021bionarii eficiente a Internetului, ajut\u00e2nd la generarea unei experien\u021be de navigare prietenoase \u0219i adaptata preferin\u021belor \u0219i intereselor fiec\u0103rui utilizator. Refuzarea sau dezactivarea cookieurilor poate face unele site-uri imposibil de folosit.<\/p>\n\n\n\n<p>Refuzarea sau dezactivarea cookie-urilor nu \u00eenseamn\u0103 c\u0103 nu ve\u021bi mai primi publicitate online \u2013 ci doar c\u0103 aceasta nu v\u0103 mai putea tine cont de preferin\u021bele \u0219i interesele dvs, eviden\u021biate prin comportamentul de navigare.<\/p>\n\n\n\n<p>Exemple de \u00eentrebuin\u021b\u0103ri importante ale cookieurilor ( care nu necesita autentificarea unui utilizator prin intermediul unui cont):<\/p>\n\n\n\n<p>Con\u021binut \u0219i servicii adaptate preferin\u021belor utilizatorului \u2013 categorii de \u0219tiri, vreme, sport, har\u021bi, servicii publice \u0219i guvernamentale, site-uri de entertainment \u0219i servicii de travel.<\/p>\n\n\n\n<p>Oferte adaptate pe interesele utilizatorilor \u2013 re\u021binerea parolelor, preferin\u021bele de limba ( Ex: afi\u0219area rezultatelor c\u0103ut\u0103rilor \u00een limba Romana).<\/p>\n\n\n\n<p>Re\u021binerea filtrelor de protec\u021bie a copiilor privind con\u021binutul pe Internet (op\u021biuni family mode, func\u021bii de safe search).<\/p>\n\n\n\n<p>Limitarea frecventei de difuzare a reclamelor \u2013 limitarea num\u0103rului de afi\u0219\u0103ri a unei reclame pentru un anumit utilizator pe un site.<\/p>\n\n\n\n<p><strong>Furnizarea de publicitate mai relevanta pentru utilizator.<\/strong><\/p>\n\n\n\n<p>M\u0103surarea, optimizare \u0219i caracteristicile de analytics \u2013 cum ar fi confirmarea unui anumit nivel de trafic pe un website, ce tip de con\u021binut este vizualizat \u0219i modul cum un utilizator ajunge pe un website (ex prin motoare de c\u0103utare, direct, din alte website-uri etc). Website-urile deruleaz\u0103 aceste analize a utiliz\u0103rii lor pentru a \u00eembun\u0103t\u0103\u021bi site-urile \u00een beneficiul u\u0219erilor.<\/p>\n\n\n\n<p><strong>Securitate \u0219i probleme legate de confiden\u021bialitate<\/strong><\/p>\n\n\n\n<p>Cookieurile NU sunt viru\u0219i! Ele folosesc formate tip plain text. Nu sunt alc\u0103tuite din buc\u0103\u021bi de cod a\u0219a c\u0103 nu pot fi executate nici nu pot auto-rula. \u00cen consecin\u021b\u0103, nu se pot duplica sau replica pe alte re\u021bele pentru a se rula sau replica din nou. Deoarece nu pot \u00eendeplini aceste func\u021bii, nu pot fi considerate viru\u0219i.<\/p>\n\n\n\n<p>Cookie-urile pot fi totu\u0219i folosite pentru scopuri negative. Deoarece stocheaz\u0103 informa\u021bii despre preferin\u021bele \u0219i istoricul de navigare al utilizatorilor, at\u00e2t pe un anume site c\u00e2t \u0219i pe mai multe alte siteuri, cookieurile pot fi folosite c\u0103 o forma de Spyware. Multe produse anti-spyware sunt con\u0219tiente de acest fapt \u0219i \u00een mod constant marcheaz\u0103 cookie-urile pentru a fi \u0219terse \u00een cadrul procedurilor de \u0219tergere\/scanare anti-virus\/anti-spyware.<\/p>\n\n\n\n<p>\u00cen general browserele au integrate set\u0103ri de confiden\u021bialitate care furnizeaz\u0103 diferite nivele de acceptare a cookieurilor, perioada de valabilitate \u0219i \u0219tergere automata dup\u0103 ce utilizatorul a vizitat un anumit site.<\/p>\n\n\n\n<p>Alte aspecte de securitate legate de cookie-uri:<\/p>\n\n\n\n<p>Deoarece protec\u021bia identit\u0103\u021bii este foarte valoroasa \u0219i reprezint\u0103 dreptul fiec\u0103rui utilizator de internet, este indicat s\u0103 se \u0219tie ce eventuale probleme pot crea cookieurile. Pentru c\u0103 prin intermediul lor se transmit \u00een mod constant \u00een ambele sensuri informa\u021bii intre browser \u0219i website, daca un atacator sau persoana neautorizata intervine \u00een parcursul de transmitere a datelor, informa\u021biile con\u021binute de cookie pot fi interceptate.<\/p>\n\n\n\n<p>Desi foarte rar, acest lucru se poate \u00eent\u00e2mpl\u0103 daca browserul se conecteaz\u0103 la server folosind o re\u021bea necriptata (ex: o re\u021bea WiFi nesecurizata).<\/p>\n\n\n\n<p>Alte atacuri bazate pe cookie implica set\u0103ri gre\u0219ite ale cookieurilor pe servere. Daca un website nu solicita browserului s\u0103 foloseasc\u0103 doar canale criptate, atacatorii pot folosi aceasta vulnerabilitate pentru a p\u0103c\u0103li browserele \u00een a trimite informa\u021bii prin intermediul canalelor nesecurizate. Atacatorii utilizeaz\u0103 apoi informa\u021biile \u00een scopuri de a accesa neautorizat anumite site-uri. Este foarte important s\u0103 fi\u021bi aten\u021bi \u00een alegerea metodei celei mai potrivite de protec\u021bie a informa\u021biilor personale.<\/p>\n\n\n\n<p><strong>Sfaturi pentru o navigare sigura \u0219i responsabila, bazata pe cookies.<\/strong><\/p>\n\n\n\n<p>Datorita flexibilit\u0103\u021bii lor \u0219i a faptului c\u0103 majoritatea dintre cele mai vizitate site-uri \u0219i cele mai mari folosesc cookieuri, acestea sunt aproape inevitabile. Dezactivarea cookie-urilor nu v\u0103 permite accesul utilizatorului pe site-urile cele mai r\u0103sp\u00e2ndite \u0219i utilizate printre care Youtube, Gmail, Yahoo \u0219i altele.<\/p>\n\n\n\n<p>Iat\u0103 c\u00e2teva sfaturi care v\u0103 pot asigura c\u0103 naviga\u021bi far\u0103 griji \u00eens\u0103 cu ajutorul cookieurilor:<\/p>\n\n\n\n<p>Particulariza\u021bi-v\u0103 set\u0103rile browserului \u00een ceea ce prive\u0219te cookie-urile pentru a reflecta un nivel confortabil pentru voi al securit\u0103\u021bii utiliz\u0103rii cookie-urilor.<\/p>\n\n\n\n<p>Daca nu v\u0103 deranjeaz\u0103 cookie-urile \u0219i sunte\u021bi singura persoana care utilizaeaza computerul, pute\u021bi seta termene lungi de expirare pentru stocarea istoricului de navigare \u0219i al datelor personale de acces.<\/p>\n\n\n\n<p>Daca \u00eemp\u0103r\u021bi\u021bi accesul la calculator, pute\u021bi lua \u00een considerare setarea browserului pentru a \u0219terge datele individuale de navigare de fiecare data c\u00e2nd \u00eenchide\u021bi browserul. Aceasta este o varianta de a accesa site-urile care plaseaz\u0103 cookieuri \u0219i de a \u0219terge orice informa\u021bie de vizitare la \u00eenchiderea sesiunii navigare.<\/p>\n\n\n\n<p>Instala\u021bi-v\u0103 \u0219i updatati-v\u0103 constant aplica\u021bii antispyware.<\/p>\n\n\n\n<p>Multe dintre aplica\u021biile de detectare \u0219i prevenire a spyware-ului includ detectarea atacurilor pe site-uri. Astfel, \u00eempiedic\u0103 browserul de la a accesa website-uri care ar putea s\u0103 exploateze vulnerabilitatilebrowserului sau s\u0103 descarce software periculos.<\/p>\n\n\n\n<p><strong>Asigura\u021bi-v\u0103 c\u0103 ave\u021bi browserul mereu updatat.<\/strong><\/p>\n\n\n\n<p>Multe dintre atacurile bazate pe cookies se realizeaz\u0103 exploat\u00e2nd punctele slabe ale versiunilor vechi ale browserelor.<\/p>\n\n\n\n<p>Cookie-urile sunt pretutindeni \u0219i nu pot fi evitate daca dori\u021bi s\u0103 v\u0103 bucura\u021bi de acces pe cele mai bune \u0219i cele mai mari site-uri de pe Internet \u2013 locale sau interna\u021bionale. Cu o \u00een\u021belegere clara a modului lor de operare \u0219i a beneficiilor pe care le aduc, pute\u021bi lua masurile necesare de securitate astel \u00eenc\u00e2t s\u0103 pute\u021bi naviga cu \u00eencredere pe internet.<\/p>\n\n\n\n<p><strong>Cum pot opri cookie-urile?<\/strong><\/p>\n\n\n\n<p>Dezactivarea \u0219i refuzul de a primi cookie-uri pot face anumite site-uri impracticabile sau dificil de vizitat \u0219i folosit. De asemenea, refuzul de a accepta cookie-uri nu \u00eenseamn\u0103 c\u0103 nu ve\u021bi mai primi\/vedea publicitate online.<\/p>\n\n\n\n<p>Este posibila setarea din browser pentru c\u0103 aceste cookie-uri s\u0103 nu mai fie acceptate sau po\u021bi seta browserul s\u0103 accepte cookie-uri de la un site anume.<\/p>\n\n\n\n<p>Toate browserele moderne ofer\u0103 posibilitatea de a schimba set\u0103rile cookie-urilor. Aceste set\u0103ri se g\u0103sesc de regula \u00een \u201cop\u021biuni\u201d sau \u00een meniul de \u201cpreferin\u021be\u201d al browserului t\u0103u.<\/p>\n\n\n\n<p>Pentru set\u0103rile cookie-urilor generate de terti, pute\u021bi consulta \u0219i site-ul:<\/p>\n\n\n\n<p><blockquote class=\"wp-embedded-content\" data-secret=\"vevje47hwt\"><a href=\"https:\/\/www.youronlinechoices.com\/ro\/\">Acasa<\/a><\/blockquote><iframe class=\"wp-embedded-content\" sandbox=\"allow-scripts\" security=\"restricted\" style=\"position: absolute; visibility: hidden;\" title=\"&#8220;Acasa&#8221; &#8212; YourOnlineChoices RO\" src=\"https:\/\/www.youronlinechoices.com\/ro\/embed#?secret=Q90bIF9Hzq#?secret=vevje47hwt\" data-secret=\"vevje47hwt\" width=\"600\" height=\"338\" frameborder=\"0\" marginwidth=\"0\" marginheight=\"0\" scrolling=\"no\"><\/iframe><\/p>\n\n\n\n<p>Pentru mai multe detalii legate de probleme de confiden\u021bialitate, pute\u021bi accesa \u0219i urm\u0103toarele linkuri:<\/p>\n\n\n\n<p>http:\/\/www.dreptonline.ro\/legisla\u021bie\/oug_13_2012_modificare_prelucrare_date_caracter_personal_protectia_vietii_private_comunicatii_electronice.php<\/p>\n\n\n\n<p>www.youronlinechoices.eu\/ro<\/p>\n\n\n\n<p>http:\/\/www.iabeurope.eu\/cookies-faq\/internet-cookies\u2014increasing-and-enhancing-yourinternet-surfing-experience\/what-are-cookies-how-do-they<\/p>\n\n\n\n<p><\/p>\n","protected":false},"excerpt":{"rendered":"<p>Politica pentru Cookies Site-ul www.informatia24.ro utilizeaz\u0103 cookie-uri. Informa\u021biile prezentate \u00een continuare au scopul de a aduce la cuno\u0219tin\u021b\u0103 utilizatorului mai multe detalii despre plasarea, utilizarea \u0219i administrarea \u201ccookie\u201d-urilor utilizate de site-ul www.informatia24.ro sau alte site-uri din re\u021beaua Informatia24. De asemenea, sunt prezente \u0219i c\u00e2teva linkuri utile legate de acest subiect. Lista \u00eentreag\u0103 a siturilor administrate [&hellip;]<\/p>\n","protected":false},"author":2,"featured_media":0,"parent":0,"menu_order":0,"comment_status":"closed","ping_status":"closed","template":"","meta":{"footnotes":""},"class_list":["post-3","page","type-page","status-publish","hentry"],"_links":{"self":[{"href":"https:\/\/informatia24.ro\/index.php?rest_route=\/wp\/v2\/pages\/3","targetHints":{"allow":["GET"]}}],"collection":[{"href":"https:\/\/informatia24.ro\/index.php?rest_route=\/wp\/v2\/pages"}],"about":[{"href":"https:\/\/informatia24.ro\/index.php?rest_route=\/wp\/v2\/types\/page"}],"author":[{"embeddable":true,"href":"https:\/\/informatia24.ro\/index.php?rest_route=\/wp\/v2\/users\/2"}],"replies":[{"embeddable":true,"href":"https:\/\/informatia24.ro\/index.php?rest_route=%2Fwp%2Fv2%2Fcomments&post=3"}],"version-history":[{"count":1,"href":"https:\/\/informatia24.ro\/index.php?rest_route=\/wp\/v2\/pages\/3\/revisions"}],"predecessor-version":[{"id":23628,"href":"https:\/\/informatia24.ro\/index.php?rest_route=\/wp\/v2\/pages\/3\/revisions\/23628"}],"wp:attachment":[{"href":"https:\/\/informatia24.ro\/index.php?rest_route=%2Fwp%2Fv2%2Fmedia&parent=3"}],"curies":[{"name":"wp","href":"https:\/\/api.w.org\/{rel}","templated":true}]}}